{"id":231,"date":"2026-02-05T23:48:19","date_gmt":"2026-02-06T02:48:19","guid":{"rendered":"https:\/\/bairs.site\/?page_id=231"},"modified":"2026-02-07T13:52:45","modified_gmt":"2026-02-07T16:52:45","slug":"tpa-2","status":"publish","type":"page","link":"https:\/\/bairs.site\/?page_id=231","title":{"rendered":"TPA \u2013 Third-party administrator"},"content":{"rendered":"<h2 data-start=\"610\" data-end=\"662\">Conectamos Empresas con Soluciones Especializadas<\/h2>\n<p data-start=\"664\" data-end=\"910\">Actuamos como un punto de articulaci\u00f3n entre empresas, proveedores especializados y soluciones operativas de alto valor. Nuestro rol es conectar necesidades concretas con capacidades probadas, asegurando eficiencia, control y resultados medibles.<\/p>\n<p data-start=\"912\" data-end=\"1136\">Trabajamos con organizaciones de distintos sectores, facilitando el acceso a servicios cr\u00edticos a trav\u00e9s de modelos colaborativos, integrados y escalables, alineados a los objetivos operativos y estrat\u00e9gicos de cada cliente.<\/p>\n<h3 data-start=\"1138\" data-end=\"1181\">Coordinaci\u00f3n de Servicios y Operaciones<\/h3>\n<p data-start=\"1183\" data-end=\"1471\">Gestionamos la integraci\u00f3n entre las empresas y los distintos proveedores de servicios, asegurando una ejecuci\u00f3n ordenada, trazable y alineada a los est\u00e1ndares definidos. Nuestro enfoque permite reducir fricciones operativas, optimizar tiempos de respuesta y mejorar la experiencia final.<\/p>\n<h3 data-start=\"1473\" data-end=\"1503\">Gesti\u00f3n, Control y Calidad<\/h3>\n<p data-start=\"1505\" data-end=\"1775\">Aportamos estructura, seguimiento y control sobre los servicios conectados, asegurando cumplimiento de procesos, niveles de servicio y criterios de calidad. Esto permite a las empresas enfocarse en su negocio principal, delegando la coordinaci\u00f3n y supervisi\u00f3n operativa.<\/p>\n<h3 data-start=\"1777\" data-end=\"1808\">Modelo Flexible y Escalable<\/h3>\n<p data-start=\"1810\" data-end=\"2046\">Nuestro modelo se adapta a distintos vol\u00famenes, geograf\u00edas y niveles de complejidad. Conectamos soluciones a demanda, integrando m\u00faltiples actores bajo una misma l\u00f3gica operativa, con foco en eficiencia, continuidad y mejora permanente.<\/p>\n<h3 data-start=\"2048\" data-end=\"2067\">Nuestro Enfoque<\/h3>\n<p data-start=\"2069\" data-end=\"2259\">Trabajamos como un socio estrat\u00e9gico, facilitando la conexi\u00f3n entre empresas y soluciones especializadas, aportando visi\u00f3n operativa, capacidad de gesti\u00f3n y un modelo orientado a resultados.<\/p>\n","protected":false},"excerpt":{"rendered":"<p>Conectamos Empresas con Soluciones Especializadas Actuamos como un punto de articulaci\u00f3n entre empresas, proveedores especializados y soluciones operativas de alto [&hellip;]<\/p>\n","protected":false},"author":1,"featured_media":209,"parent":0,"menu_order":0,"comment_status":"closed","ping_status":"closed","template":"template-tpa.php","meta":{"side_image_sidebar_text":"NOSOTROS","side_image_right_bg":"#0C467C","footnotes":""},"class_list":["post-231","page","type-page","status-publish","has-post-thumbnail","hentry"],"_links":{"self":[{"href":"https:\/\/bairs.site\/index.php?rest_route=\/wp\/v2\/pages\/231","targetHints":{"allow":["GET"]}}],"collection":[{"href":"https:\/\/bairs.site\/index.php?rest_route=\/wp\/v2\/pages"}],"about":[{"href":"https:\/\/bairs.site\/index.php?rest_route=\/wp\/v2\/types\/page"}],"author":[{"embeddable":true,"href":"https:\/\/bairs.site\/index.php?rest_route=\/wp\/v2\/users\/1"}],"replies":[{"embeddable":true,"href":"https:\/\/bairs.site\/index.php?rest_route=%2Fwp%2Fv2%2Fcomments&post=231"}],"version-history":[{"count":3,"href":"https:\/\/bairs.site\/index.php?rest_route=\/wp\/v2\/pages\/231\/revisions"}],"predecessor-version":[{"id":237,"href":"https:\/\/bairs.site\/index.php?rest_route=\/wp\/v2\/pages\/231\/revisions\/237"}],"wp:featuredmedia":[{"embeddable":true,"href":"https:\/\/bairs.site\/index.php?rest_route=\/wp\/v2\/media\/209"}],"wp:attachment":[{"href":"https:\/\/bairs.site\/index.php?rest_route=%2Fwp%2Fv2%2Fmedia&parent=231"}],"curies":[{"name":"wp","href":"https:\/\/api.w.org\/{rel}","templated":true}]}}