{"id":45,"date":"2026-02-03T20:51:58","date_gmt":"2026-02-03T19:51:58","guid":{"rendered":"https:\/\/bairs.site\/?page_id=45"},"modified":"2026-02-07T13:49:04","modified_gmt":"2026-02-07T16:49:04","slug":"ciberseguridad","status":"publish","type":"page","link":"https:\/\/bairs.site\/?page_id=45","title":{"rendered":"Ciberseguridad"},"content":{"rendered":"<div class=\"relative basis-auto flex-col -mb-(--composer-overlap-px) [--composer-overlap-px:28px] grow flex\">\n<div class=\"flex flex-col text-sm pb-25\">\n<article class=\"text-token-text-primary w-full focus:outline-none [--shadow-height:45px] has-data-writing-block:pointer-events-none has-data-writing-block:-mt-(--shadow-height) has-data-writing-block:pt-(--shadow-height) [&amp;:has([data-writing-block])&gt;*]:pointer-events-auto [content-visibility:auto] supports-[content-visibility:auto]:[contain-intrinsic-size:auto_100lvh] scroll-mt-[calc(var(--header-height)+min(200px,max(70px,20svh)))]\" dir=\"auto\" tabindex=\"-1\" data-turn-id=\"60c72c5d-2f7f-4478-8ca0-a81eede034f5\" data-testid=\"conversation-turn-14\" data-scroll-anchor=\"true\" data-turn=\"assistant\">\n<div class=\"text-base my-auto mx-auto pb-10 [--thread-content-margin:--spacing(4)] @w-sm\/main:[--thread-content-margin:--spacing(6)] @w-lg\/main:[--thread-content-margin:--spacing(16)] px-(--thread-content-margin)\">\n<div class=\"[--thread-content-max-width:40rem] @w-lg\/main:[--thread-content-max-width:48rem] mx-auto max-w-(--thread-content-max-width) flex-1 group\/turn-messages focus-visible:outline-hidden relative flex w-full min-w-0 flex-col agent-turn\" tabindex=\"-1\">\n<div class=\"flex max-w-full flex-col grow\">\n<div class=\"min-h-8 text-message relative flex w-full flex-col items-end gap-2 text-start break-words whitespace-normal [.text-message+&amp;]:mt-1\" dir=\"auto\" data-message-author-role=\"assistant\" data-message-id=\"60c72c5d-2f7f-4478-8ca0-a81eede034f5\" data-message-model-slug=\"gpt-5-2\">\n<div class=\"flex w-full flex-col gap-1 empty:hidden first:pt-[1px]\">\n<div class=\"markdown prose dark:prose-invert w-full wrap-break-word dark markdown-new-styling\">\n<h2 data-start=\"196\" data-end=\"244\">Soluciones Tecnol\u00f3gicas y Servicios Digitales<\/h2>\n<p data-start=\"246\" data-end=\"530\">Brindamos soluciones tecnol\u00f3gicas integrales orientadas a optimizar la operaci\u00f3n, la seguridad y la gesti\u00f3n digital de las organizaciones. Acompa\u00f1amos a nuestros clientes en la implementaci\u00f3n y operaci\u00f3n de servicios digitales, combinando tecnolog\u00eda, procesos y soporte especializado.<\/p>\n<p data-start=\"532\" data-end=\"736\">Nuestro enfoque se basa en modelos de servicios gestionados, que permiten garantizar continuidad operativa, eficiencia y escalabilidad, adapt\u00e1ndonos a las necesidades espec\u00edficas de cada empresa y sector.<\/p>\n<h3 data-start=\"738\" data-end=\"785\">Soporte Tecnol\u00f3gico y Servicios Gestionados<\/h3>\n<p data-start=\"787\" data-end=\"1078\">Ofrecemos soporte t\u00e9cnico especializado para la gesti\u00f3n de dispositivos, aplicaciones y servicios digitales, con esquemas de atenci\u00f3n multicanal y tiempos de respuesta definidos. Nuestro objetivo es mejorar la experiencia del usuario y asegurar el correcto funcionamiento de las operaciones.<\/p>\n<h3 data-start=\"1080\" data-end=\"1119\">Ciberseguridad y Protecci\u00f3n Digital<\/h3>\n<p data-start=\"1121\" data-end=\"1342\">Implementamos soluciones de ciberseguridad orientadas a la prevenci\u00f3n y mitigaci\u00f3n de riesgos digitales, protegiendo la informaci\u00f3n, los sistemas y las redes frente a amenazas crecientes, con monitoreo y soporte continuo.<\/p>\n<h3 data-start=\"1344\" data-end=\"1389\">Servicios en la Nube y Entornos Digitales<\/h3>\n<p data-start=\"1391\" data-end=\"1577\">Acompa\u00f1amos a las organizaciones en la adopci\u00f3n y gesti\u00f3n de servicios en la nube, optimizando el puesto de trabajo digital y garantizando flexibilidad, seguridad y eficiencia operativa.<\/p>\n<h3 data-start=\"1579\" data-end=\"1607\">Conectividad y Anal\u00edtica<\/h3>\n<p data-start=\"1609\" data-end=\"1798\">Dise\u00f1amos y gestionamos soluciones de conectividad profesional y herramientas de anal\u00edtica que permiten mejorar la experiencia digital, optimizar procesos y facilitar la toma de decisiones.<\/p>\n<h3 data-start=\"1800\" data-end=\"1822\">Nuestro Compromiso<\/h3>\n<p data-start=\"1824\" data-end=\"1969\">Trabajamos como socios tecnol\u00f3gicos de nuestros clientes, aportando soluciones confiables, escalables y alineadas con sus objetivos estrat\u00e9gicos.<\/p>\n<hr data-start=\"3484\" data-end=\"3487\" \/>\n<\/div>\n<\/div>\n<\/div>\n<\/div>\n<div class=\"z-0 flex min-h-[46px] justify-start\"><\/div>\n<\/div>\n<\/div>\n<\/article>\n<\/div>\n<div class=\"pointer-events-none h-px w-px absolute bottom-0\" aria-hidden=\"true\" data-edge=\"true\"><\/div>\n<\/div>\n","protected":false},"excerpt":{"rendered":"<p>Soluciones Tecnol\u00f3gicas y Servicios Digitales Brindamos soluciones tecnol\u00f3gicas integrales orientadas a optimizar la operaci\u00f3n, la seguridad y la gesti\u00f3n digital [&hellip;]<\/p>\n","protected":false},"author":1,"featured_media":0,"parent":0,"menu_order":0,"comment_status":"closed","ping_status":"closed","template":"template-cyberseguridad.php","meta":{"side_image_sidebar_text":"NOSOTROS","side_image_right_bg":"#0C467C","footnotes":""},"class_list":["post-45","page","type-page","status-publish","hentry"],"_links":{"self":[{"href":"https:\/\/bairs.site\/index.php?rest_route=\/wp\/v2\/pages\/45","targetHints":{"allow":["GET"]}}],"collection":[{"href":"https:\/\/bairs.site\/index.php?rest_route=\/wp\/v2\/pages"}],"about":[{"href":"https:\/\/bairs.site\/index.php?rest_route=\/wp\/v2\/types\/page"}],"author":[{"embeddable":true,"href":"https:\/\/bairs.site\/index.php?rest_route=\/wp\/v2\/users\/1"}],"replies":[{"embeddable":true,"href":"https:\/\/bairs.site\/index.php?rest_route=%2Fwp%2Fv2%2Fcomments&post=45"}],"version-history":[{"count":5,"href":"https:\/\/bairs.site\/index.php?rest_route=\/wp\/v2\/pages\/45\/revisions"}],"predecessor-version":[{"id":162,"href":"https:\/\/bairs.site\/index.php?rest_route=\/wp\/v2\/pages\/45\/revisions\/162"}],"wp:attachment":[{"href":"https:\/\/bairs.site\/index.php?rest_route=%2Fwp%2Fv2%2Fmedia&parent=45"}],"curies":[{"name":"wp","href":"https:\/\/api.w.org\/{rel}","templated":true}]}}